{"id":1198,"date":"2025-03-19T18:02:45","date_gmt":"2025-03-19T18:02:45","guid":{"rendered":"https:\/\/sundsgardenkonferens.se\/?page_id=1198"},"modified":"2026-03-20T14:22:06","modified_gmt":"2026-03-20T14:22:06","slug":"just-nu-pa-sundsgarden","status":"publish","type":"page","link":"https:\/\/sundsgardenkonferens.se\/sv\/just-nu-pa-sundsgarden\/","title":{"rendered":"Just nu p\u00e5 Sundsg\u00e5rden"},"content":{"rendered":"\n<div class=\"wp-block-essential-blocks-text  root-eb-text-4ynnv\"><div class=\"eb-parent-wrapper eb-parent-eb-text-4ynnv \"><div class=\"eb-text-wrapper eb-text-4ynnv\" data-id=\"eb-text-4ynnv\"><p class=\"eb-text\"><br><br><strong>1 April &#8211; V\u00e4lkomna till Sundsg\u00e5rdens p\u00e5skfest <\/strong>! <img loading=\"lazy\" decoding=\"async\" height=\"16\" width=\"16\" crossorigin=\"anonymous\" src=\"https:\/\/static.xx.fbcdn.net\/images\/emoji.php\/v9\/td\/1\/16\/1f423.png\" alt=\"&#x1f423;\"> <br>Vi bjuder till med en fantastisk dag fylld av olika aktiviteter, god lunch kan k\u00f6pas i restaurangen, fika och grillning av marshmallows. <img loading=\"lazy\" decoding=\"async\" height=\"16\" width=\"16\" crossorigin=\"anonymous\" src=\"https:\/\/static.xx.fbcdn.net\/images\/emoji.php\/v9\/tbf\/1\/16\/1f9c1.png\" alt=\"&#x1f9c1;\"><img loading=\"lazy\" decoding=\"async\" height=\"16\" width=\"16\" crossorigin=\"anonymous\" src=\"https:\/\/static.xx.fbcdn.net\/images\/emoji.php\/v9\/t6d\/1\/16\/2600.png\" alt=\"&#x2600;&#xfe0f;\"><br>Ta med hela familjen p\u00e5 \u00e4ggjakt, m\u00e5lning och rullning av \u00e4gg, 3-kamp och ansiktsm\u00e5lning. Dessutom kommer priser delas ut. <img loading=\"lazy\" decoding=\"async\" height=\"16\" width=\"16\" crossorigin=\"anonymous\" src=\"https:\/\/static.xx.fbcdn.net\/images\/emoji.php\/v9\/tce\/1\/16\/1f600.png\" alt=\"&#x1f600;\"><br>Vi kommer ha \u00f6ppet mellan 10-15.<br>Varmt v\u00e4lkomna !<br><br><br><strong>P\u00e5skhelgen &#8211; Fira p\u00e5sk i Helsingborg p\u00e5 Sundsg\u00e5rden Hotell &amp; Konferens<\/strong><br>Bo hos oss under p\u00e5sk och avnjut en h\u00e4rlig 3-r\u00e4tters p\u00e5skinspirerad middag. P\u00e5 morgonen vaknar ni upp och m\u00f6ts av en h\u00e4rlig frukostbuff\u00e9 f\u00f6r hela familjen. Varf\u00f6r inte g\u00e5 p\u00e5 \u00e4gg-jakt i v\u00e5r fina omgivning? Eller bes\u00f6k en av v\u00e5ra m\u00e5nga sev\u00e4rdheter i v\u00e5r omnejd.<br><br>I paketet ing\u00e5r boende f\u00f6r 1 natt, samt en tre-r\u00e4tters meny p\u00e5 kv\u00e4llen. Det g\u00e5r \u00e4ven bra att boka till en barnv\u00e4nlig tre-r\u00e4tters meny p\u00e5 plats f\u00f6r ett f\u00f6rm\u00e5nligt pris. Vill man boka till extra n\u00e4tter g\u00e5r det givetvis bra.<br>V\u00e4lkomna!<br><br><br><br><br><br>\u00a0<br><\/p><\/div><\/div><\/div>\n\n\n\n<p class=\"wp-block-paragraph\"><\/p>\n","protected":false},"excerpt":{"rendered":"","protected":false},"author":1,"featured_media":0,"parent":0,"menu_order":0,"comment_status":"closed","ping_status":"closed","template":"","meta":{"_acf_changed":false,"_eb_attr":"","_crdt_document":"","footnotes":""},"class_list":["post-1198","page","type-page","status-publish","hentry"],"acf":[],"_links":{"self":[{"href":"https:\/\/sundsgardenkonferens.se\/sv\/wp-json\/wp\/v2\/pages\/1198","targetHints":{"allow":["GET"]}}],"collection":[{"href":"https:\/\/sundsgardenkonferens.se\/sv\/wp-json\/wp\/v2\/pages"}],"about":[{"href":"https:\/\/sundsgardenkonferens.se\/sv\/wp-json\/wp\/v2\/types\/page"}],"author":[{"embeddable":true,"href":"https:\/\/sundsgardenkonferens.se\/sv\/wp-json\/wp\/v2\/users\/1"}],"replies":[{"embeddable":true,"href":"https:\/\/sundsgardenkonferens.se\/sv\/wp-json\/wp\/v2\/comments?post=1198"}],"version-history":[{"count":9,"href":"https:\/\/sundsgardenkonferens.se\/sv\/wp-json\/wp\/v2\/pages\/1198\/revisions"}],"predecessor-version":[{"id":2272,"href":"https:\/\/sundsgardenkonferens.se\/sv\/wp-json\/wp\/v2\/pages\/1198\/revisions\/2272"}],"wp:attachment":[{"href":"https:\/\/sundsgardenkonferens.se\/sv\/wp-json\/wp\/v2\/media?parent=1198"}],"curies":[{"name":"wp","href":"https:\/\/api.w.org\/{rel}","templated":true}]}}