{"id":719,"date":"2025-01-24T01:20:50","date_gmt":"2025-01-24T01:20:50","guid":{"rendered":"https:\/\/sundsgardenkonferens.se\/restaurant\/"},"modified":"2026-03-31T09:42:14","modified_gmt":"2026-03-31T09:42:14","slug":"restaurant","status":"publish","type":"page","link":"https:\/\/sundsgardenkonferens.se\/sv\/restaurant\/","title":{"rendered":"Restaurang &#038; Bar"},"content":{"rendered":"\n<p class=\"wp-block-paragraph\">V\u00e4lkommen till v\u00e5r restaurang \u00d6rby \u00e4ngar, en plats d\u00e4r god mat, fantastisk utsikt och h\u00e4rlig atmosf\u00e4r m\u00f6ts!<\/p>\n\n\n\n<p class=\"wp-block-paragraph\"><\/p>\n","protected":false},"excerpt":{"rendered":"<p>V\u00e4lkommen till v\u00e5r restaurang \u00d6rby \u00e4ngar, en plats d\u00e4r god mat, fantastisk utsikt och h\u00e4rlig atmosf\u00e4r m\u00f6ts!<\/p>\n","protected":false},"author":1,"featured_media":717,"parent":0,"menu_order":0,"comment_status":"closed","ping_status":"closed","template":"page-templates\/template-restaurant.php","meta":{"_acf_changed":false,"_eb_attr":"","_crdt_document":"","footnotes":""},"class_list":["post-719","page","type-page","status-publish","has-post-thumbnail","hentry"],"acf":[],"_links":{"self":[{"href":"https:\/\/sundsgardenkonferens.se\/sv\/wp-json\/wp\/v2\/pages\/719","targetHints":{"allow":["GET"]}}],"collection":[{"href":"https:\/\/sundsgardenkonferens.se\/sv\/wp-json\/wp\/v2\/pages"}],"about":[{"href":"https:\/\/sundsgardenkonferens.se\/sv\/wp-json\/wp\/v2\/types\/page"}],"author":[{"embeddable":true,"href":"https:\/\/sundsgardenkonferens.se\/sv\/wp-json\/wp\/v2\/users\/1"}],"replies":[{"embeddable":true,"href":"https:\/\/sundsgardenkonferens.se\/sv\/wp-json\/wp\/v2\/comments?post=719"}],"version-history":[{"count":91,"href":"https:\/\/sundsgardenkonferens.se\/sv\/wp-json\/wp\/v2\/pages\/719\/revisions"}],"predecessor-version":[{"id":2322,"href":"https:\/\/sundsgardenkonferens.se\/sv\/wp-json\/wp\/v2\/pages\/719\/revisions\/2322"}],"wp:featuredmedia":[{"embeddable":true,"href":"https:\/\/sundsgardenkonferens.se\/sv\/wp-json\/wp\/v2\/media\/717"}],"wp:attachment":[{"href":"https:\/\/sundsgardenkonferens.se\/sv\/wp-json\/wp\/v2\/media?parent=719"}],"curies":[{"name":"wp","href":"https:\/\/api.w.org\/{rel}","templated":true}]}}