{"id":785,"date":"2025-01-24T04:10:48","date_gmt":"2025-01-24T04:10:48","guid":{"rendered":"https:\/\/sundsgardenkonferens.se\/go-biking-or-hiking\/"},"modified":"2025-01-28T21:15:37","modified_gmt":"2025-01-28T21:15:37","slug":"go-biking-or-hiking","status":"publish","type":"page","link":"https:\/\/sundsgardenkonferens.se\/sv\/go-biking-or-hiking\/","title":{"rendered":"Cykla"},"content":{"rendered":"<p>Ge er ut p\u00e5 ett cykel\u00e4ventyr n\u00e4r ni bor \u00f6ver hos oss. Cyklar finns att hyra om ni inte tar med era egna. Det g\u00e5r tv\u00e5 havsn\u00e4ra leder precis utanf\u00f6r v\u00e5rt hotell. <strong>Kattegattleden<\/strong> som g\u00e5r norrut och <strong>Sydkustleden<\/strong> som g\u00e5r s\u00f6derut.<br \/>\nEn etapp som sticker ut, \u00e4r den mellan Helsingborg och Landskrona, <a href=\"https:\/\/sydkustleden.se\/etapp\/landskrona-helsingborg\" target=\"_blank\" rel=\"noopener\"><strong>v\u00e5r absoluta favoritrutt<\/strong><\/a>!<\/p>\n<p>P\u00e5 de knappa tre milen mellan Landskrona och Helsingborg hinner du uppleva massor! Norr om Landskrona kommer du snart till Borstahusen som \u00e4r en idyll f\u00f6r sig! Detta gamla fiskel\u00e4ge med anor fr\u00e5n 1700-talet har ett eget fiskr\u00f6keri. H\u00e4r har du utsikt \u00f6ver Ven. Passa p\u00e5 att ta en avstickare till mysiga \u00c5labodarna som har en mysig liten hamn, badbrygga och restaurang.<\/p>\n<p>Cykla vidare genom det b\u00f6ljande och vackra landskapet i Glumsl\u00f6vs backar som f\u00f6r tankarna till Toscana.<\/p>\n<p>Precis innan Helsingborg kommer du till det pittoreska fiskel\u00e4get R\u00e5\u00e5. I Helsingborg finns massor av alternativ f\u00f6r dig som \u00e4r intresserad av historia, vackra slott, vilda djur eller vacker natur. H\u00e4r hittar du slottet Sofiero med en stor parktr\u00e4dg\u00e5rd med \u00f6ver 10.000 rhododendronbuskar. Strax utanf\u00f6r Helsingborg hittar du friluftsmuseet Fredriksdal.<\/p>\n<p>Givetvis f\u00e5r du en cykelkarta av oss!<\/p>\n<p><img decoding=\"async\" style=\"height: 157px;\" src=\"https:\/\/sundsgardenkonferens.se\/wp-content\/uploads\/2025\/01\/Skarmavbild-2020-05-07-kl.-14.25.05_0.png\" alt=\"\" \/> <img decoding=\"async\" style=\"height: 157px;\" src=\"https:\/\/sundsgardenkonferens.se\/wp-content\/uploads\/2025\/01\/Skarmavbild-2020-05-07-kl.-14.25.48.png\" alt=\"\" \/><\/p>\n<p><strong>CYKLA P\u00c5 VEN<\/strong><br \/>\nEtt annat dags\u00e4ventyr med cykel, \u00e4r att bege sig \u00f6ver till den lilla \u00f6n Ven och uppleva \u00f6n sk\u00f6na natur. Ven, den lilla \u00f6n i \u00d6resund som erbjuder storslagen natur, idylliska sm\u00e5b\u00e5tshamnar och astronomen Tycho Brahes historia.<\/p>\n<p>Ven ligger mitt i \u00d6resund mellan Danmark och Sverige. <strong><a href=\"https:\/\/www.ventrafiken.se\/sv\/\" target=\"_blank\" rel=\"noopener\">Ventrafikens<\/a><\/strong> f\u00e4rja avg\u00e5r fr\u00e5n Landskrona och \u00f6verfarten tar endast 30 minuter. <strong><a href=\"http:\/\/raabatarna.nu\/raaven\/\" target=\"_blank\" rel=\"noopener\">R\u00e5\u00e5b\u00e5tarnas<\/a><\/strong> \u00f6verfart med fiskeb\u00e5tar tar lite l\u00e4ngre tid, drygt 45 minuter men \u00e4r mer idyllisk.<\/p>\n<p>V\u00e4l framme i B\u00e4ckvickens hamn rekommenderar vi dig att hyra en av de <a href=\"https:\/\/www.venscykeluthyrning.se\/\" target=\"_blank\" rel=\"noopener\"><strong>gula cyklarna<\/strong><\/a> som blivit karakteristiska f\u00f6r \u00f6n. Du kan \u00e4ven hyra elcykel f\u00f6r att underl\u00e4tta i uppf\u00f6rsbackarna. Det g\u00e5r naturlgitvis bra att vandra p\u00e5 \u00f6n eller varf\u00f6r inte prova en minnesv\u00e4rd <a href=\"https:\/\/hvenalpacka.weebly.com\/\" target=\"_blank\" rel=\"noopener\"><strong>alpackatrekking<\/strong><\/a>? Gl\u00f6m inte att ta med badkl\u00e4derna!<\/p>\n","protected":false},"excerpt":{"rendered":"<p>Ge er ut p\u00e5 ett cykel\u00e4ventyr n\u00e4r ni bor \u00f6ver hos oss. Cyklar finns att hyra om ni inte tar med era egna. Det g\u00e5r tv\u00e5 havsn\u00e4ra leder precis utanf\u00f6r v\u00e5rt hotell. Kattegattleden som g\u00e5r norrut och Sydkustleden som g\u00e5r s\u00f6derut. En etapp som sticker ut, \u00e4r den mellan Helsingborg och Landskrona, v\u00e5r absoluta favoritrutt! [&hellip;]<\/p>\n","protected":false},"author":1,"featured_media":760,"parent":0,"menu_order":0,"comment_status":"closed","ping_status":"closed","template":"page-templates\/template-page-group.php","meta":{"_acf_changed":false,"_eb_attr":"","_crdt_document":"","footnotes":""},"class_list":["post-785","page","type-page","status-publish","has-post-thumbnail","hentry"],"acf":[],"_links":{"self":[{"href":"https:\/\/sundsgardenkonferens.se\/sv\/wp-json\/wp\/v2\/pages\/785","targetHints":{"allow":["GET"]}}],"collection":[{"href":"https:\/\/sundsgardenkonferens.se\/sv\/wp-json\/wp\/v2\/pages"}],"about":[{"href":"https:\/\/sundsgardenkonferens.se\/sv\/wp-json\/wp\/v2\/types\/page"}],"author":[{"embeddable":true,"href":"https:\/\/sundsgardenkonferens.se\/sv\/wp-json\/wp\/v2\/users\/1"}],"replies":[{"embeddable":true,"href":"https:\/\/sundsgardenkonferens.se\/sv\/wp-json\/wp\/v2\/comments?post=785"}],"version-history":[{"count":3,"href":"https:\/\/sundsgardenkonferens.se\/sv\/wp-json\/wp\/v2\/pages\/785\/revisions"}],"predecessor-version":[{"id":1349,"href":"https:\/\/sundsgardenkonferens.se\/sv\/wp-json\/wp\/v2\/pages\/785\/revisions\/1349"}],"wp:featuredmedia":[{"embeddable":true,"href":"https:\/\/sundsgardenkonferens.se\/sv\/wp-json\/wp\/v2\/media\/760"}],"wp:attachment":[{"href":"https:\/\/sundsgardenkonferens.se\/sv\/wp-json\/wp\/v2\/media?parent=785"}],"curies":[{"name":"wp","href":"https:\/\/api.w.org\/{rel}","templated":true}]}}