{"id":787,"date":"2025-01-24T04:10:46","date_gmt":"2025-01-24T04:10:46","guid":{"rendered":"https:\/\/sundsgardenkonferens.se\/go-golfing\/"},"modified":"2025-01-28T21:16:25","modified_gmt":"2025-01-28T21:16:25","slug":"go-golfing","status":"publish","type":"page","link":"https:\/\/sundsgardenkonferens.se\/sv\/go-golfing\/","title":{"rendered":"Spela golf"},"content":{"rendered":"<p>Ta fram golfklubborna och ge dig ut p\u00e5 de sk\u00e5nska golfbanorna. Kanske med vacker utsikt \u00f6ver\u00a0\u00d6resund och Ven?\u00a0H\u00e4r i s\u00f6derns milda klimat \u00e4r golfs\u00e4songen extra l\u00e5ng. Den b\u00f6rjar tidigt\u00a0p\u00e5 \u00e5ret och slutar sent. Rya golfklubb ligger p\u00e5 g\u00e5ngavst\u00e5nd fr\u00e5n Sundsg\u00e5rden men vi samarbetar med m\u00e5nga bra golfklubbar. Kontakta oss s\u00e5 fixar vi golf, boende &amp; mat under er vistelse.<\/p>\n<p><strong>Info om golfbanorna:<\/strong><\/p>\n<p><strong>Rya GK<\/strong><br \/>\nF\u00f6rstklassiga och vackra Rya golfbana ligger bara ett stenkast bort. H\u00e4r spelar du p\u00e5 en seasidebana fr\u00e5n 1934 med h\u00e4nf\u00f6rande utsikt. Tio av h\u00e5len p\u00e5 Rya Old Course har utsikt \u00f6ver \u00d6resund med Helsing\u00f6r och Ven som bakgrund medan \u00f6vriga h\u00e5l har mer inlandskarakt\u00e4r.\u00a0Du tar dig enkelt dit p\u00e5 5 minuter med bil, men vill du, kan du g\u00e5 dit l\u00e4ngs den vackra stranden p\u00e5 en kvart. L\u00e4s mer p\u00e5 deras hemsida\u00a0<a href=\"https:\/\/rya.nu\/\">https:\/\/rya.nu\/<\/a><\/p>\n<p><strong>Allerums golfbana<\/strong><br \/>\nVi \u00e4r mycket glada \u00f6ver att f\u00e5 samarbeta med Allerums GK, som av Golfjournalisterna utsetts till \u00c5rets Golfklubb 2019<br \/>\nAllerum GK \u00e4r en klubb och en anl\u00e4ggning som fungerar i stor harmoni med platsen d\u00e4r den ligger och med m\u00e4nniskorna som bor d\u00e4r. Med 27 + 6 golfh\u00e5l passar den s\u00e5v\u00e4l elit som nyb\u00f6rjare och klubben och anl\u00e4ggningen lever v\u00e4l upp till sin stolta devis: Rum f\u00f6r alla \u2013 Allerum! L\u00e4s mer p\u00e5\u00a0<a href=\"https:\/\/www.allerumgk.nu\/se\">https:\/\/www.allerumgk.nu\/se<\/a><\/p>\n<p><strong>Vasatorps golfbana<\/strong><br \/>\nDenna golfbana n\u00e5r du p\u00e5 bara 15 min med bil fr\u00e5n oss. H\u00e4r kan du v\u00e4lja p\u00e5 tv\u00e5 fina banor: Tournament Course som \u00e4r en 18 h\u00e5ls m\u00e4sterskapsbana av linkskarakt\u00e4r, samt Classic Course, som \u00e4r en 18 h\u00e5ls parkbana. L\u00e4s mer p\u00e5\u00a0<a href=\"https:\/\/vasatorp.golf\/\">www.vasatorp.golf\u00a0<\/a><\/p>\n<p><strong>Landskrona golfbana<\/strong><br \/>\nVid \u00d6resundskusten, med fascinerande utsikt \u00f6ver sundet och Ven, erbjuder Landskrona Golfklubb spel p\u00e5 tv\u00e5 h\u00f6gklassiga banor: Erikstorp, byggd 1960, som \u00e4r en v\u00e4lk\u00e4nd och uppskattad park- och seasidebana samt Hildesborg byggd 1987, som \u00e4r en parkbana med par 70. Bes\u00f6k deras hemsida\u00a0<a href=\"https:\/\/landskronagk.se\/\">https:\/\/landskronagk.se\/<\/a><\/p>\n<p><strong>M\u00f6lle <\/strong><\/p>\n<p>M\u00f6lle Golfklubb f\u00f6rfogar \u00f6ver en av Sveriges mest klassiska golfbanor, tillika en av landets vackraste.\u00a0Banans 18 h\u00e5l \u00e4r utlagda i Kullabergs naturreservat som ligger n\u00e5gra mil norr om Helsingborg.\u00a0Banan \u00e4r inte l\u00e5ng men den kr\u00e4ver lite fantasi, ett r\u00f6rligt intellekt samt lite k\u00e4nsla i handlederna. Om du inte skulle ha n\u00e5got av det kommer du att ha v\u00e4ldigt trevligt \u00e4nd\u00e5. L\u00e4s mer p\u00e5\u00a0<a href=\"https:\/\/mollegk.se\/\">www.mollegk.se<\/a><\/p>\n<p><strong>S:t Arild golfbana<\/strong><br \/>\nUte p\u00e5 Kullahalv\u00f6n ligger S:t Arild golfbana och \u00e4ven den h\u00e5ller h\u00f6g internationell standard. H\u00e4r bjuds du p\u00e5 lagom utmanande golf i fin milj\u00f6. M\u00e5nga tr\u00e4dholmar, skogsdungar och idylliska sm\u00e5sj\u00f6ar utg\u00f6r naturliga hinder, allt ligger samlat i anslutning till en gammal klassisk sk\u00e5neg\u00e5rd. Bes\u00f6k g\u00e4rna deras hemsida\u00a0<a href=\"https:\/\/www.starild.se\/\">https:\/\/www.starild.se\/<\/a><\/p>\n<p><strong>S\u00f6der\u00e5sens golfbana<\/strong><br \/>\nI ett natursk\u00f6nt omr\u00e5de i Bjuvs kommun ligger S\u00f6der\u00e5sens golfklubb, c:a 20 minuters v\u00e4g fr\u00e5n Sundsg\u00e5rden. Denna skogs- och parkbana har med sin blandade terr\u00e4ng varit en utmaning f\u00f6r medlemmar och g\u00e4stspelare sedan 1966. H\u00e4r erbjuds en 18-h\u00e5ls bana av mycket h\u00f6g klass och kvalit\u00e9. L\u00e4s mer p\u00e5\u00a0<a href=\"https:\/\/soderasensgk.se\/\">www.soderasensgk.se\/<\/a><\/p>\n","protected":false},"excerpt":{"rendered":"<p>Ta fram golfklubborna och ge dig ut p\u00e5 de sk\u00e5nska golfbanorna. Kanske med vacker utsikt \u00f6ver\u00a0\u00d6resund och Ven?\u00a0H\u00e4r i s\u00f6derns milda klimat \u00e4r golfs\u00e4songen extra l\u00e5ng. Den b\u00f6rjar tidigt\u00a0p\u00e5 \u00e5ret och slutar sent. Rya golfklubb ligger p\u00e5 g\u00e5ngavst\u00e5nd fr\u00e5n Sundsg\u00e5rden men vi samarbetar med m\u00e5nga bra golfklubbar. Kontakta oss s\u00e5 fixar vi golf, boende &amp; [&hellip;]<\/p>\n","protected":false},"author":1,"featured_media":756,"parent":0,"menu_order":0,"comment_status":"closed","ping_status":"closed","template":"page-templates\/template-page-group.php","meta":{"_acf_changed":false,"_eb_attr":"","_crdt_document":"","footnotes":""},"class_list":["post-787","page","type-page","status-publish","has-post-thumbnail","hentry"],"acf":[],"_links":{"self":[{"href":"https:\/\/sundsgardenkonferens.se\/sv\/wp-json\/wp\/v2\/pages\/787","targetHints":{"allow":["GET"]}}],"collection":[{"href":"https:\/\/sundsgardenkonferens.se\/sv\/wp-json\/wp\/v2\/pages"}],"about":[{"href":"https:\/\/sundsgardenkonferens.se\/sv\/wp-json\/wp\/v2\/types\/page"}],"author":[{"embeddable":true,"href":"https:\/\/sundsgardenkonferens.se\/sv\/wp-json\/wp\/v2\/users\/1"}],"replies":[{"embeddable":true,"href":"https:\/\/sundsgardenkonferens.se\/sv\/wp-json\/wp\/v2\/comments?post=787"}],"version-history":[{"count":2,"href":"https:\/\/sundsgardenkonferens.se\/sv\/wp-json\/wp\/v2\/pages\/787\/revisions"}],"predecessor-version":[{"id":2034,"href":"https:\/\/sundsgardenkonferens.se\/sv\/wp-json\/wp\/v2\/pages\/787\/revisions\/2034"}],"wp:featuredmedia":[{"embeddable":true,"href":"https:\/\/sundsgardenkonferens.se\/sv\/wp-json\/wp\/v2\/media\/756"}],"wp:attachment":[{"href":"https:\/\/sundsgardenkonferens.se\/sv\/wp-json\/wp\/v2\/media?parent=787"}],"curies":[{"name":"wp","href":"https:\/\/api.w.org\/{rel}","templated":true}]}}