{"id":789,"date":"2025-01-24T08:19:17","date_gmt":"2025-01-24T08:19:17","guid":{"rendered":"https:\/\/sundsgardenkonferens.se\/?page_id=789"},"modified":"2025-02-27T06:40:29","modified_gmt":"2025-02-27T06:40:29","slug":"kallbada-aret-om","status":"publish","type":"page","link":"https:\/\/sundsgardenkonferens.se\/sv\/kallbada-aret-om\/","title":{"rendered":"Kallbada \u00e5ret om"},"content":{"rendered":"\n<p class=\"wp-block-paragraph\">Sundsg\u00e5rden hotell och konferens ligger i rogivande, vacker natur med havet som granne. H\u00e4r kan du bada i havet&nbsp;\u00e5ret om,&nbsp;direkt nedanf\u00f6r hotellet eller g\u00f6r ett bes\u00f6k p\u00e5 ett kallbadhus.&nbsp;Badkulturen har gamla anor i Helsingborg. I n\u00e4stan 150 \u00e5r har det funnits kallbadhus i staden. Du har tre kallbadhus att v\u00e4lja mellan i v\u00e5rt n\u00e4romr\u00e5de.<\/p>\n\n\n\n<h4 class=\"wp-block-heading\"><a href=\"https:\/\/helsingborg.se\/uppleva-och-gora\/kallbadhus\/raabaden-2\/\">R\u00c5\u00c5BADEN<\/a><\/h4>\n\n\n\n<p class=\"wp-block-paragraph\">R\u00e5\u00e5baden ligger n\u00e4rmast Sundsg\u00e5rden, vid Batteritorget p\u00e5 R\u00e5\u00e5.&nbsp; Det \u00e4r ett kallbadhus med bastu och&nbsp;drivs av f\u00f6reningen R\u00e5\u00e5badarna p\u00e5 uppdrag av Helsingborgs stad.<\/p>\n\n\n\n<p class=\"wp-block-paragraph\">R\u00e5\u00e5badarna \u00e4r en ideell f\u00f6rening med cirka 1600&nbsp;medlemmar som badar, bastar och njuter av R\u00e5\u00e5badet. Du \u00e4r alltid v\u00e4lkommen att prova p\u00e5 n\u00e5gra g\u00e5nger, men f\u00f6r att bada regelbundet ska du vara medlem i f\u00f6reningen R\u00e5\u00e5badarna. Som hitrest g\u00e4st under en vecka eller tv\u00e5 \u00e4r du givetvis v\u00e4lkommen till bad och bastu utan att vara medlem.<\/p>\n\n\n\n<h4 class=\"wp-block-heading\"><a href=\"https:\/\/helsingborg.se\/uppleva-och-gora\/kallbadhus\/kallis-helsingborgs-kallbadhus\/\">KALLIS<\/a><\/h4>\n\n\n\n<p class=\"wp-block-paragraph\">Helsingborg \u00e4r ett mecca f\u00f6r kallbadare med sina totalt kallbadhus. H\u00e4r har m\u00e4nniskor kallbadat i n\u00e4stan 150 \u00e5r och nyrenoverade Kallis, med sin utsikt \u00f6ver \u00d6resund, \u00e4r Helsingborgs \u00e4ldsta. P\u00e5lsj\u00f6baden n\u00e5gra kilometer norrut \u00e4r ett annat popul\u00e4rt kallbadhus, byggt p\u00e5 stolpar en bit ovanf\u00f6r havsytan med sm\u00e5, gula badstugor t\u00e4tt sida vid sida.<\/p>\n\n\n\n<h4 class=\"wp-block-heading\"><a href=\"https:\/\/helsingborg.se\/uppleva-och-gora\/kallbadhus\/palsjobaden\/\">P\u00c5LSJ\u00d6BADEN<\/a><\/h4>\n\n\n\n<p class=\"wp-block-paragraph\">P\u00e5lsj\u00f6baden ligger l\u00e4ngs strandpromenaden norr om Gr\u00f6ningen i Helsingborg. H\u00e4r kan du njuta av bastubad, sol och sk\u00f6na dopp. P\u00e5 P\u00e5lsj\u00f6baden finns skilda nakenbad och b\u00e5de fukt- och torrbastu. Badet rymmer ocks\u00e5 ett inglasat caf\u00e9 i mitten av badhuset.<\/p>\n\n\n\n<figure class=\"wp-block-gallery has-nested-images columns-default is-cropped wp-block-gallery-1 is-layout-flex wp-block-gallery-is-layout-flex\">\n<figure class=\"wp-block-image size-large\"><img loading=\"lazy\" decoding=\"async\" width=\"1024\" height=\"497\" data-id=\"801\" src=\"https:\/\/sundsgardenkonferens.se\/wp-content\/uploads\/2025\/01\/Palsjobadet-1024x497.jpg\" alt=\"\" class=\"wp-image-801\" srcset=\"https:\/\/sundsgardenkonferens.se\/wp-content\/uploads\/2025\/01\/Palsjobadet-1024x497.jpg 1024w, https:\/\/sundsgardenkonferens.se\/wp-content\/uploads\/2025\/01\/Palsjobadet-300x146.jpg 300w, https:\/\/sundsgardenkonferens.se\/wp-content\/uploads\/2025\/01\/Palsjobadet-768x373.jpg 768w, https:\/\/sundsgardenkonferens.se\/wp-content\/uploads\/2025\/01\/Palsjobadet.jpg 1339w\" sizes=\"auto, (max-width: 1024px) 100vw, 1024px\" \/><\/figure>\n\n\n\n<figure class=\"wp-block-image size-large\"><img loading=\"lazy\" decoding=\"async\" width=\"485\" height=\"452\" data-id=\"811\" src=\"https:\/\/sundsgardenkonferens.se\/wp-content\/uploads\/2025\/01\/Skarmavbild-2020-05-07-kl.-12.47.15.png\" alt=\"\" class=\"wp-image-811\" srcset=\"https:\/\/sundsgardenkonferens.se\/wp-content\/uploads\/2025\/01\/Skarmavbild-2020-05-07-kl.-12.47.15.png 485w, https:\/\/sundsgardenkonferens.se\/wp-content\/uploads\/2025\/01\/Skarmavbild-2020-05-07-kl.-12.47.15-300x280.png 300w\" sizes=\"auto, (max-width: 485px) 100vw, 485px\" \/><\/figure>\n\n\n\n<figure class=\"wp-block-image size-large\"><img loading=\"lazy\" decoding=\"async\" width=\"552\" height=\"422\" data-id=\"809\" src=\"https:\/\/sundsgardenkonferens.se\/wp-content\/uploads\/2025\/01\/Skarmavbild-2020-05-07-kl.-12.36.30.png\" alt=\"\" class=\"wp-image-809\" srcset=\"https:\/\/sundsgardenkonferens.se\/wp-content\/uploads\/2025\/01\/Skarmavbild-2020-05-07-kl.-12.36.30.png 552w, https:\/\/sundsgardenkonferens.se\/wp-content\/uploads\/2025\/01\/Skarmavbild-2020-05-07-kl.-12.36.30-300x229.png 300w\" sizes=\"auto, (max-width: 552px) 100vw, 552px\" \/><\/figure>\n<\/figure>\n","protected":false},"excerpt":{"rendered":"<p>Sundsg\u00e5rden hotell och konferens ligger i rogivande, vacker natur med havet som granne. H\u00e4r kan du bada i havet&nbsp;\u00e5ret om,&nbsp;direkt nedanf\u00f6r hotellet eller g\u00f6r ett bes\u00f6k p\u00e5 ett kallbadhus.&nbsp;Badkulturen har gamla anor i Helsingborg. I n\u00e4stan 150 \u00e5r har det funnits kallbadhus i staden. Du har tre kallbadhus att v\u00e4lja mellan i v\u00e5rt n\u00e4romr\u00e5de. R\u00c5\u00c5BADEN [&hellip;]<\/p>\n","protected":false},"author":1,"featured_media":801,"parent":0,"menu_order":0,"comment_status":"closed","ping_status":"closed","template":"page-templates\/template-page-group.php","meta":{"_acf_changed":false,"_eb_attr":"","_crdt_document":"","footnotes":""},"class_list":["post-789","page","type-page","status-publish","has-post-thumbnail","hentry"],"acf":[],"_links":{"self":[{"href":"https:\/\/sundsgardenkonferens.se\/sv\/wp-json\/wp\/v2\/pages\/789","targetHints":{"allow":["GET"]}}],"collection":[{"href":"https:\/\/sundsgardenkonferens.se\/sv\/wp-json\/wp\/v2\/pages"}],"about":[{"href":"https:\/\/sundsgardenkonferens.se\/sv\/wp-json\/wp\/v2\/types\/page"}],"author":[{"embeddable":true,"href":"https:\/\/sundsgardenkonferens.se\/sv\/wp-json\/wp\/v2\/users\/1"}],"replies":[{"embeddable":true,"href":"https:\/\/sundsgardenkonferens.se\/sv\/wp-json\/wp\/v2\/comments?post=789"}],"version-history":[{"count":4,"href":"https:\/\/sundsgardenkonferens.se\/sv\/wp-json\/wp\/v2\/pages\/789\/revisions"}],"predecessor-version":[{"id":1403,"href":"https:\/\/sundsgardenkonferens.se\/sv\/wp-json\/wp\/v2\/pages\/789\/revisions\/1403"}],"wp:featuredmedia":[{"embeddable":true,"href":"https:\/\/sundsgardenkonferens.se\/sv\/wp-json\/wp\/v2\/media\/801"}],"wp:attachment":[{"href":"https:\/\/sundsgardenkonferens.se\/sv\/wp-json\/wp\/v2\/media?parent=789"}],"curies":[{"name":"wp","href":"https:\/\/api.w.org\/{rel}","templated":true}]}}