{"id":793,"date":"2025-01-24T08:19:40","date_gmt":"2025-01-24T08:19:40","guid":{"rendered":"https:\/\/sundsgardenkonferens.se\/?page_id=793"},"modified":"2025-06-18T08:01:42","modified_gmt":"2025-06-18T08:01:42","slug":"utflyktsmal","status":"publish","type":"page","link":"https:\/\/sundsgardenkonferens.se\/sv\/utflyktsmal\/","title":{"rendered":"Utflyktsm\u00e5l"},"content":{"rendered":"<p>Det finns m\u00e5nga sp\u00e4nnande och h\u00e4rliga utflyktsm\u00e5l att bes\u00f6ka. Kommer du med bil g\u00f6r du snabbt en roadtrip bland p\u00e4rlorna i n\u00e4rheten. Vi listar dem vi verkligen gillar h\u00e4r nedan:<\/p>\n<p>VALL\u00c5KRA<\/p>\n<p><strong><a href=\"https:\/\/tomatenshus.se\/\">TOMATENS HUS<\/a><\/strong><br \/>\nBes\u00f6k en tomatodling med\u00a0g\u00e5rdsbutik mellan Glumsl\u00f6vs backar och Vall\u00e5kras dalg\u00e5ng.<br \/>\nD\u00e4r finns nyplockade tomater direkt fr\u00e5n v\u00e4xthuset, f\u00e4rska kryddor, chili, nysk\u00f6rdad gurka, tomatplantor, nybakat br\u00f6d fr\u00e5n g\u00e5rdens stenugn &amp; hemlagade tomatdelikatesser.<\/p>\n<p><strong><a href=\"https:\/\/missalice.se\/\">MISS ALICES KROG &amp; BUTIK<\/a><\/strong><br \/>\nRakt \u00f6ver gatan fr\u00e5n Tomatens hus har Miss Alice en tr\u00e4dg\u00e5rdsservering d\u00e4r ni kan \u00e4ta deras\u00a0ber\u00f6mda tomatpaj under frukttr\u00e4den eller i deras\u00a0v\u00e4xthus. De\u00a0tillverkar delikatesser under\u00a0egna varum\u00e4rket Miss Alice och har i anslutning till krogen en butik med lokala och egenproducerade produkter.<\/p>\n<p><a href=\"https:\/\/wallakra.com\/titta-uppleva\/\"><strong>WALL\u00c5KRA STENK\u00c4RLSFABRIK<\/strong><\/a><br \/>\nWall\u00e5kra Stenk\u00e4rlsfabrik \u00e4r ett modernt f\u00f6retag med kulturhistorisk f\u00f6rankring. En kvarleva fr\u00e5n nordv\u00e4stsk\u00e5nsk hantverks -och industriepok.<strong>\u00a0<\/strong>Fabriken ligger natursk\u00f6nt inb\u00e4ddad i R\u00e5\u00e5ns dalg\u00e5ng.\u00a0H\u00e4r\u00a0tillverkas fortfarande stenk\u00e4rl,\u00a0brungl\u00e4nsande krukor och krus fr\u00e5n\u00a0traktens lera. Allt drejas f\u00f6r hand och br\u00e4nns\u00a0sedan\u00a0i den stora koleldade\u00a0rundugnen. Prova p\u00e5 att dreja, \u00e4t\u00a0god mat och\/eller njut\u00a0av den vackra naturen som omger fabriken.<\/p>\n<p>H\u00d6GAN\u00c4S<\/p>\n<p>Magasin 36 och <strong><a href=\"https:\/\/hoganassaluhall.se\/\">H\u00d6GAN\u00c4S SALUHALL<\/a><\/strong> lockar m\u00e4nniskor fr\u00e5n n\u00e4r och fj\u00e4rran. Fullt f\u00f6rst\u00e5eligt, det \u00e4r ett unikt st\u00e4lle. F\u00f6r hur m\u00e5nga saluhallar med lokalt producerade r\u00e5varor och genuin k\u00e4nsla hittar du h\u00e4r i landet? Som ligger v\u00e4gg i v\u00e4gg med ett mikrobryggeri? Med bra restauranger, kaf\u00e9 och inspirerande butiker?\u00a0Ett underbart utflyktsm\u00e5l i sommar. Vi l\u00e4nkar till n\u00e5gra av de olika entrepren\u00f6rerna v\u00e4l v\u00e4rda ett bes\u00f6k. Alla p\u00e5 samma dag!<br \/>\nF\u00f6r \u00f6l\u00e4lskaren; <a href=\"http:\/\/hoganasbryggeri.se\/\"><strong>H\u00d6GAN\u00c4S BRYGGERI<\/strong><\/a><br \/>\nF\u00f6r de shopping intresserade;\u00a0<strong><a href=\"https:\/\/butikenhoganas.com\/\">BUTIK MAGASIN 36<\/a><\/strong><br \/>\nF\u00f6r hamburger fantasterna; <strong><a href=\"https:\/\/www.garagebar.se\/\">GARAGE BAR<\/a><\/strong><br \/>\nF\u00f6r den som gillar prisv\u00e4rd shopping; <b><a href=\"https:\/\/www.outletshopping.se\/42\/iittala-outlet-hoganas\/\">IITTALA OUTLET<\/a><\/b><\/p>\n<p>KULLABERG<\/p>\n<p>Kullabergs dramatiska halv\u00f6 str\u00e4cker sig ut i \u00d6resund. Befinner vi oss verkligen i Sk\u00e5ne fr\u00e5gar sig m\u00e5nga. Kullens unika terr\u00e4ng g\u00f6r berget till ett av Sveriges mest v\u00e4lbes\u00f6kta naturreservat och ett mecka f\u00f6r ut\u00f6vare av utomhusaktiviteter. Oavsett v\u00e4der och \u00e5rstid finns det alltid n\u00e5got som lockar \u00e4ventyrare till Kullaberg.<br \/>\nF\u00f6r aktiva upplevelser rekommenderar vi dig\u00a0att kontakta guiderna p\u00e5 <strong><a href=\"https:\/\/www.upplevkullaberg.se\/\">UPPLEV KULLABERG.<\/a><\/strong>\u00a0 De anordnar kl\u00e4ttring, vandring, kajak paddling mm. Eller s\u00e5 kontaktar du <strong><a href=\"https:\/\/www.kullabergsguiderna.se\/grottvandring\/\">KULLABERGS GUIDERNA<\/a><\/strong> f\u00f6r en sp\u00e4nnande grottvandring. Om ritt\u00a0p\u00e5 islandsh\u00e4st \u00e4r det som lockar, s\u00e5 kontaktar du <strong><a href=\"http:\/\/kullabergsislandshastar.com\/kontakt\/\">KULLABERGS ISLANDSH\u00c4STAR<\/a><\/strong> i M\u00f6lle f\u00f6r att boka plats p\u00e5 en av deras popul\u00e4ra turridningar i omr\u00e5det.<\/p>\n<p>NIMIS<\/p>\n<p>I Kullabergs naturreservat, vid\u00a0platsen\u00a0H\u00e5le stenar ligger det omtalade, kritiserade och \u00e4lskade konstverket Nimis. Skaparen Lars Vilks har av drivved byggt\u00a0broar, utkikstorn &amp;\u00a0tunnlar som blivit till ett m\u00e4ktigt tr\u00e4slott. Nimis s\u00e4gs vara\u00a0\u00f6ver 100m l\u00e5ngt,\u00a0\u00a025m\u00a0h\u00f6gt och 160\u00a0000 spikar har anv\u00e4nts sedan starten 1980.<br \/>\nMyndigheterna k\u00e4nde till skulpturen f\u00f6rst 1982 och den har klassats som svartbygge och var p\u00e5 v\u00e4g att rivas. Nimis n\u00e5s genom att ta sig till Himmelstorpsg\u00e5rdens caf\u00e9. Rakt norrut, ner mot havet\u00a0g\u00e5r en stig som \u00e4r markerad med N p\u00e5 stenar och tr\u00e4d. En brant strapats i vacker natur. Eller s\u00e5 promenerar du l\u00e4ngst den steniga stranden i Arild tills du ser Landonia och tr\u00e4slottet torna upp sig.<br \/>\nNimis b\u00f6r uplevas, men idag h\u00e5ller delar av tr\u00e4konstruktionen p\u00e5 att f\u00f6rfalla, s\u00e5 det g\u00e4ller att vara lite f\u00f6rsiktig.<\/p>\n","protected":false},"excerpt":{"rendered":"<p>Det finns m\u00e5nga sp\u00e4nnande och h\u00e4rliga utflyktsm\u00e5l att bes\u00f6ka. Kommer du med bil g\u00f6r du snabbt en roadtrip bland p\u00e4rlorna i n\u00e4rheten. Vi listar dem vi verkligen gillar h\u00e4r nedan: VALL\u00c5KRA TOMATENS HUS Bes\u00f6k en tomatodling med\u00a0g\u00e5rdsbutik mellan Glumsl\u00f6vs backar och Vall\u00e5kras dalg\u00e5ng. D\u00e4r finns nyplockade tomater direkt fr\u00e5n v\u00e4xthuset, f\u00e4rska kryddor, chili, nysk\u00f6rdad gurka, [&hellip;]<\/p>\n","protected":false},"author":1,"featured_media":815,"parent":0,"menu_order":0,"comment_status":"closed","ping_status":"closed","template":"page-templates\/template-page-group.php","meta":{"_acf_changed":false,"_eb_attr":"","_crdt_document":"","footnotes":""},"class_list":["post-793","page","type-page","status-publish","has-post-thumbnail","hentry"],"acf":[],"_links":{"self":[{"href":"https:\/\/sundsgardenkonferens.se\/sv\/wp-json\/wp\/v2\/pages\/793","targetHints":{"allow":["GET"]}}],"collection":[{"href":"https:\/\/sundsgardenkonferens.se\/sv\/wp-json\/wp\/v2\/pages"}],"about":[{"href":"https:\/\/sundsgardenkonferens.se\/sv\/wp-json\/wp\/v2\/types\/page"}],"author":[{"embeddable":true,"href":"https:\/\/sundsgardenkonferens.se\/sv\/wp-json\/wp\/v2\/users\/1"}],"replies":[{"embeddable":true,"href":"https:\/\/sundsgardenkonferens.se\/sv\/wp-json\/wp\/v2\/comments?post=793"}],"version-history":[{"count":3,"href":"https:\/\/sundsgardenkonferens.se\/sv\/wp-json\/wp\/v2\/pages\/793\/revisions"}],"predecessor-version":[{"id":1554,"href":"https:\/\/sundsgardenkonferens.se\/sv\/wp-json\/wp\/v2\/pages\/793\/revisions\/1554"}],"wp:featuredmedia":[{"embeddable":true,"href":"https:\/\/sundsgardenkonferens.se\/sv\/wp-json\/wp\/v2\/media\/815"}],"wp:attachment":[{"href":"https:\/\/sundsgardenkonferens.se\/sv\/wp-json\/wp\/v2\/media?parent=793"}],"curies":[{"name":"wp","href":"https:\/\/api.w.org\/{rel}","templated":true}]}}