{"id":841,"date":"2025-01-24T09:23:35","date_gmt":"2025-01-24T09:23:35","guid":{"rendered":"https:\/\/sundsgardenkonferens.se\/?page_id=841"},"modified":"2025-01-28T21:16:45","modified_gmt":"2025-01-28T21:16:45","slug":"vart-miljoarbete","status":"publish","type":"page","link":"https:\/\/sundsgardenkonferens.se\/sv\/vart-miljoarbete\/","title":{"rendered":"V\u00e5rt milj\u00f6arbete"},"content":{"rendered":"<p><img decoding=\"async\" style=\"height: 60px;\" src=\"https:\/\/sundsgardenkonferens.se\/wp-content\/uploads\/2025\/01\/GK.jpg\" alt=\"\" \/> <strong>V\u00c5RT HOTELL \u00c4R GREEN KEY-M\u00c4RKT<\/strong><\/p>\n<p>Du bor p\u00e5 ett hotell som \u00e4r milj\u00f6m\u00e4rkt med Green Key. Vi jobbar aktivt med milj\u00f6- och h\u00e5llbarhetsfr\u00e5gor genom Green Keys omfattande kriterier.<\/p>\n<p><strong>V\u00e5ra milj\u00f6\u00e5tagande<\/strong><\/p>\n<p>H\u00e4r \u00e4r exempel p\u00e5 v\u00e5ra \u00e5taganden:<\/p>\n<ul>\n<li>Vi anv\u00e4nder LED-belysning, 100% f\u00f6rnybar el och har rutiner f\u00f6r minskad energi\u00e5tg\u00e5ng.<\/li>\n<li>Vi k\u00e4llsorterar och \u00e5tervinner v\u00e5rt och v\u00e5ra g\u00e4sters avfall.<\/li>\n<li>Vi anv\u00e4nder 100% milj\u00f6m\u00e4rkta reng\u00f6ringsprodukter f\u00f6r dagligt st\u00e4d.<\/li>\n<li>Vi har tagit initiativ f\u00f6r att minska vattenf\u00f6rbrukningen.<\/li>\n<li>V\u00e5ra g\u00e4ster erbjuds ekologiska livsmedel p\u00e5 frukosten.<\/li>\n<li>Vi jobbar f\u00f6r minskat matsvinn.<\/li>\n<li>Vi ber\u00e4knar \u00e5rligen v\u00e5ra utsl\u00e4pp av v\u00e4xthusgaser i syfte att minska v\u00e5r klimatp\u00e5verkan.<\/li>\n<li>P\u00e5 v\u00e5r parkering finns laddstolpar f\u00f6r att kunna ladda elbilar.<\/li>\n<\/ul>\n<p><strong>Vill du hj\u00e4lpa oss?<\/strong><\/p>\n<p>Vi hoppas att du vill hj\u00e4lpa oss att minska v\u00e5r milj\u00f6p\u00e5verkan, v\u00e4nligen:<\/p>\n<ul>\n<li>H\u00e4ng ut d\u00f6rrh\u00e4ngaren f\u00f6r att avst\u00e5 st\u00e4d om du stannar flera n\u00e4tter.<\/li>\n<li>L\u00e4mna \u00e5tervinningsbara f\u00f6rpackningar och pant p\u00e5 rummet s\u00e5 k\u00e4llsorterar vi det \u00e5t dig.<\/li>\n<li>Anv\u00e4nd din handduk en extra dag. L\u00e4gg handduken p\u00e5 golvet om du \u00f6nskar en ny.<\/li>\n<li>Vi byter dina lakan efter 4 n\u00e4tter. Meddela receptionen om du \u00f6nskar byte mer s\u00e4llan.<\/li>\n<li>Sl\u00e4ck lampor, st\u00e4ng av elektronik och dra laddare ur eluttag.<\/li>\n<li>Undvik att kasta mat genom att t.ex. inte ta mer mat \u00e4n du orkar \u00e4ta upp.<\/li>\n<li>Res kollektivt till och fr\u00e5n v\u00e5rt hotell.<\/li>\n<\/ul>\n<p><strong>Om Green Key<\/strong><\/p>\n<p>Green Key \u00e4r en internationell m\u00e4rkning inom bes\u00f6ksn\u00e4ringen och finns i \u00f6ver 60 l\u00e4nder. M\u00e4rkningen drivs internationellt av Foundation for Environmental Education (FEE), som st\u00f6djs av bl.a. UNEP och UNWTO. Alla anl\u00e4ggningar genomg\u00e5r regelbundna revisioner, f\u00f6r att s\u00e4kerst\u00e4lla att kriterierna efterlevs<\/p>\n<p>F\u00f6rutom Green Key s\u00e5 har vi tagit ytterligare ett steg i v\u00e5rt milj\u00f6arbeterbete\u00a0genom\u00a0h\u00e5llbarhetsm\u00e4rkningen \u201dKranm\u00e4rkt\u201d ! Detta \u00e4r en nationell h\u00e5llbarhetsm\u00e4rkning f\u00f6r verksamheter som v\u00e4ljer kranvatten framf\u00f6r flaskvatten. Genom att endast servera kranvatten bidrar vi till f\u00e4rre transporter och mindre p\u00e5verkan p\u00e5 v\u00e5r milj\u00f6. V\u00e5rt vatten \u00e4r h\u00e4lsosamt, h\u00e5llbart och lokalt producerat!<\/p>\n<p>H\u00e4r l\u00e4ser du\u00a0mer om\u00a0<a href=\"https:\/\/www.greenkey.se\/\">Green Key Local<\/a> och\u00a0<a href=\"http:\/\/www.greenkeyglobal.com\/home\/\">Green Key<\/a><a href=\"http:\/\/greenkeyglobal.com\/\">\u00a0Global <\/a>samt\u00a0<a href=\"http:\/\/kranmarkt.se\/\">Kranm\u00e4rkt<\/a>.<\/p>\n","protected":false},"excerpt":{"rendered":"<p>V\u00c5RT HOTELL \u00c4R GREEN KEY-M\u00c4RKT Du bor p\u00e5 ett hotell som \u00e4r milj\u00f6m\u00e4rkt med Green Key. Vi jobbar aktivt med milj\u00f6- och h\u00e5llbarhetsfr\u00e5gor genom Green Keys omfattande kriterier. V\u00e5ra milj\u00f6\u00e5tagande H\u00e4r \u00e4r exempel p\u00e5 v\u00e5ra \u00e5taganden: Vi anv\u00e4nder LED-belysning, 100% f\u00f6rnybar el och har rutiner f\u00f6r minskad energi\u00e5tg\u00e5ng. Vi k\u00e4llsorterar och \u00e5tervinner v\u00e5rt och v\u00e5ra [&hellip;]<\/p>\n","protected":false},"author":1,"featured_media":842,"parent":0,"menu_order":0,"comment_status":"closed","ping_status":"closed","template":"page-templates\/template-page-group.php","meta":{"_acf_changed":false,"_eb_attr":"","_crdt_document":"","footnotes":""},"class_list":["post-841","page","type-page","status-publish","has-post-thumbnail","hentry"],"acf":[],"_links":{"self":[{"href":"https:\/\/sundsgardenkonferens.se\/sv\/wp-json\/wp\/v2\/pages\/841","targetHints":{"allow":["GET"]}}],"collection":[{"href":"https:\/\/sundsgardenkonferens.se\/sv\/wp-json\/wp\/v2\/pages"}],"about":[{"href":"https:\/\/sundsgardenkonferens.se\/sv\/wp-json\/wp\/v2\/types\/page"}],"author":[{"embeddable":true,"href":"https:\/\/sundsgardenkonferens.se\/sv\/wp-json\/wp\/v2\/users\/1"}],"replies":[{"embeddable":true,"href":"https:\/\/sundsgardenkonferens.se\/sv\/wp-json\/wp\/v2\/comments?post=841"}],"version-history":[{"count":3,"href":"https:\/\/sundsgardenkonferens.se\/sv\/wp-json\/wp\/v2\/pages\/841\/revisions"}],"predecessor-version":[{"id":1297,"href":"https:\/\/sundsgardenkonferens.se\/sv\/wp-json\/wp\/v2\/pages\/841\/revisions\/1297"}],"wp:featuredmedia":[{"embeddable":true,"href":"https:\/\/sundsgardenkonferens.se\/sv\/wp-json\/wp\/v2\/media\/842"}],"wp:attachment":[{"href":"https:\/\/sundsgardenkonferens.se\/sv\/wp-json\/wp\/v2\/media?parent=841"}],"curies":[{"name":"wp","href":"https:\/\/api.w.org\/{rel}","templated":true}]}}