{"id":849,"date":"2025-01-24T09:32:34","date_gmt":"2025-01-24T09:32:34","guid":{"rendered":"https:\/\/sundsgardenkonferens.se\/?page_id=849"},"modified":"2025-06-18T13:11:39","modified_gmt":"2025-06-18T13:11:39","slug":"integritets-policy","status":"publish","type":"page","link":"https:\/\/sundsgardenkonferens.se\/sv\/om-oss\/integritets-policy\/","title":{"rendered":"Integritets policy"},"content":{"rendered":"<p>H\u00e4r kan du l\u00e4sa om hur Sundsg\u00e5rden hotell och konferens hanterar samt lagrar dina personuppgifter i enlighet med GDPR.<\/p>\n<p>1. INSAMLING AV INFORMATION<br \/>\nVi samlar in information fr\u00e5n dig n\u00e4r du g\u00f6r en bokningsf\u00f6rfr\u00e5gan eller bokning av hotellrum via n\u00e5got av formul\u00e4ren p\u00e5 v\u00e5r webbplats, anm\u00e4ler dig till n\u00e5got av v\u00e5ra arrangemang, registrerar dig f\u00f6r v\u00e5ra nyhetsbrev eller deltar i en t\u00e4vling. Den insamlade informationen inkluderar ditt namn, din adress, din e-postadress, ditt telefonnummer och vilket f\u00f6retag\/organisation du arbetar p\u00e5.<br \/>\nVid anm\u00e4lan till n\u00e5got av v\u00e5ra arrangemang som inkluderar mat registrerar vi \u00e4ven eventuella allergier och specialkost.<\/p>\n<p>Dessutom tar vi automatiskt emot och sparar information fr\u00e5n din dator och webbl\u00e4sare, inklusive din IP-adress, uppgifter om programvara och h\u00e5rdvara och den beg\u00e4rda sidan.<\/p>\n<p>2. HUR VI ANV\u00c4NDER INFORMATIONEN<br \/>\nDen information vi samlar in fr\u00e5n dig kan anv\u00e4ndas f\u00f6r att:<br \/>\n\u2022 G\u00f6ra din upplevelse personlig och tillgodose dina personliga behov<br \/>\n\u2022 Tillhandah\u00e5lla anpassade annonser<br \/>\n\u2022 F\u00f6rb\u00e4ttra v\u00e5r hemsida<br \/>\n\u2022 F\u00f6rb\u00e4ttra v\u00e5r kundservice och ditt behov av hj\u00e4lp<br \/>\n\u2022 Kontakta dig via e-post<br \/>\n\u2022 Administrera en t\u00e4vling, ett erbjudande eller en unders\u00f6kning<\/p>\n<p>3. E-HANDELSS\u00c4KERHET<br \/>\nVi \u00e4r de enda som \u00e4ger informationen som samlas in p\u00e5 den h\u00e4r webbplatsen. Din personligt identifierbara information kommer inte att s\u00e4ljas, utbytas, \u00f6verf\u00f6ras eller delas vidare till n\u00e5got annat f\u00f6retag, i n\u00e5got syfte, utan ditt samtycke.<\/p>\n<p>4. UTL\u00c4MNANDE TILL TREDJE PART<br \/>\nVi s\u00e4ljer, handlar, eller p\u00e5 annat s\u00e4tt \u00f6verf\u00f6r, inte personligt identifierbar information till utomst\u00e5ende parter. Detta inkluderar inte betrodd tredjepart som hj\u00e4lper oss att driva v\u00e5r webbplats eller v\u00e5rt f\u00f6retag, med kravet att dessa parter godk\u00e4nner att h\u00e5lla informationen konfidentiell.<br \/>\nVi anser att det \u00e4r n\u00f6dv\u00e4ndigt att dela information i syfte att unders\u00f6ka, f\u00f6rhindra eller vidta \u00e5tg\u00e4rder mot illegala aktiviteter, misst\u00e4nkt bedr\u00e4geri, situationer som medf\u00f6r en potentiell risk f\u00f6r en persons fysiska s\u00e4kerhet, brott mot v\u00e5ra anv\u00e4ndarvillkor eller andra tillf\u00e4llen d\u00e5 lagen kr\u00e4ver s\u00e5.<\/p>\n<p>5. INFORMATIONSSKYDD<br \/>\nVi vidtar en rad olika s\u00e4kerhets\u00e5tg\u00e4rder f\u00f6r att skydda dina personliga uppgifter. Vi anv\u00e4nder oss av krypteringsmetoder f\u00f6r att skydda k\u00e4nsliga uppgifter som \u00f6verf\u00f6rs \u00f6ver internet. Sundsg\u00e5rden skyddar dessutom dina uppgifter offline. Endast medarbetare som ska utr\u00e4tta ett specifikt jobb (t.ex. fakturering eller kundservice), f\u00e5r tillg\u00e5ng till personligt identifierbar information. De datorer\/servrar som anv\u00e4nds f\u00f6r att lagra personligt identifierbar information lagras i en s\u00e4ker milj\u00f6.<\/p>\n<p>VI ANV\u00c4NDER OSS AV COOKIES<br \/>\nV\u00e5ra cookies f\u00f6rb\u00e4ttrar tillg\u00e5ngen till v\u00e5r webbplats och identifierar \u00e5terkommande bes\u00f6kare. Dessutom f\u00f6rb\u00e4ttrar v\u00e5ra cookies anv\u00e4ndarupplevelsen genom att sp\u00e5ra och m\u00e5lanpassa anv\u00e4ndarens intressen. V\u00e5r anv\u00e4ndning av cookies kopplas \u00f6ver huvud taget inte till personligt identifierbar information p\u00e5 v\u00e5r webbplats.<\/p>\n<p>6. AVSLUTA PRENUMERATION<br \/>\nVi anv\u00e4nder den e-postadress du f\u00f6rser oss med f\u00f6r att skicka information och uppdateringar som ang\u00e5r din best\u00e4llning, enstaka nyhetsbrev, relaterad produktinformation etc. Om du inte l\u00e4ngre vill ta emot s\u00e5dana meddelanden hittar du information om hur du avslutar prenumerationen i slutet av varje e-postmeddelande.<\/p>\n<p>7. SAMTYCKE<br \/>\nGenom att anv\u00e4nda v\u00e5r webbplats godk\u00e4nner du v\u00e5r integritetspolicy.<\/p>\n","protected":false},"excerpt":{"rendered":"<p>H\u00e4r kan du l\u00e4sa om hur Sundsg\u00e5rden hotell och konferens hanterar samt lagrar dina personuppgifter i enlighet med GDPR. 1. INSAMLING AV INFORMATION Vi samlar in information fr\u00e5n dig n\u00e4r du g\u00f6r en bokningsf\u00f6rfr\u00e5gan eller bokning av hotellrum via n\u00e5got av formul\u00e4ren p\u00e5 v\u00e5r webbplats, anm\u00e4ler dig till n\u00e5got av v\u00e5ra arrangemang, registrerar dig f\u00f6r [&hellip;]<\/p>\n","protected":false},"author":1,"featured_media":850,"parent":1298,"menu_order":0,"comment_status":"closed","ping_status":"closed","template":"page-templates\/template-page-group.php","meta":{"_acf_changed":false,"_eb_attr":"","_crdt_document":"","footnotes":""},"class_list":["post-849","page","type-page","status-publish","has-post-thumbnail","hentry"],"acf":[],"_links":{"self":[{"href":"https:\/\/sundsgardenkonferens.se\/sv\/wp-json\/wp\/v2\/pages\/849","targetHints":{"allow":["GET"]}}],"collection":[{"href":"https:\/\/sundsgardenkonferens.se\/sv\/wp-json\/wp\/v2\/pages"}],"about":[{"href":"https:\/\/sundsgardenkonferens.se\/sv\/wp-json\/wp\/v2\/types\/page"}],"author":[{"embeddable":true,"href":"https:\/\/sundsgardenkonferens.se\/sv\/wp-json\/wp\/v2\/users\/1"}],"replies":[{"embeddable":true,"href":"https:\/\/sundsgardenkonferens.se\/sv\/wp-json\/wp\/v2\/comments?post=849"}],"version-history":[{"count":3,"href":"https:\/\/sundsgardenkonferens.se\/sv\/wp-json\/wp\/v2\/pages\/849\/revisions"}],"predecessor-version":[{"id":1606,"href":"https:\/\/sundsgardenkonferens.se\/sv\/wp-json\/wp\/v2\/pages\/849\/revisions\/1606"}],"up":[{"embeddable":true,"href":"https:\/\/sundsgardenkonferens.se\/sv\/wp-json\/wp\/v2\/pages\/1298"}],"wp:featuredmedia":[{"embeddable":true,"href":"https:\/\/sundsgardenkonferens.se\/sv\/wp-json\/wp\/v2\/media\/850"}],"wp:attachment":[{"href":"https:\/\/sundsgardenkonferens.se\/sv\/wp-json\/wp\/v2\/media?parent=849"}],"curies":[{"name":"wp","href":"https:\/\/api.w.org\/{rel}","templated":true}]}}