{"id":862,"date":"2025-01-28T20:34:23","date_gmt":"2025-01-28T20:34:23","guid":{"rendered":"https:\/\/sundsgardenkonferens.se\/?page_id=862"},"modified":"2025-10-19T12:50:31","modified_gmt":"2025-10-19T12:50:31","slug":"frukost","status":"publish","type":"page","link":"https:\/\/sundsgardenkonferens.se\/sv\/restaurant\/frukost\/","title":{"rendered":"Frukost"},"content":{"rendered":"<p>Frukosten \u00e4r dagens f\u00f6rsta och kanske viktigaste stund \u2013 en chans att s\u00e4tta tonen f\u00f6r resten<br \/>\nav dagen. Det \u00e4r h\u00e4r du samlar energi, njuter av en stund f\u00f6r dig sj\u00e4lv eller delar \u00f6gonblick<br \/>\nmed n\u00e4ra och k\u00e4ra. Vi p\u00e5 Sundsg\u00e5rden vill g\u00f6ra din morgon \u00e4nnu b\u00e4ttre genom att erbjuda<br \/>\nen h\u00e4rlig och varierande frukostbuff\u00e9, d\u00e4r alla smaker f\u00e5r plats. Oavsett om du f\u00f6redrar en<br \/>\nklassisk svensk frukost med f\u00e4rska br\u00f6d, frukt och p\u00e5l\u00e4gg, eller n\u00e5got mer m\u00e4ttande som<br \/>\n\u00e4ggr\u00f6ra, bacon och andra goda r\u00e4tter, har vi n\u00e5got som passar just dig. V\u00e5r frukost \u00e4r inte<br \/>\nbara en m\u00e5ltid, utan en perfekt start p\u00e5 en ny dag fylld med m\u00f6jligheter. V\u00e4lkommen att njuta<br \/>\nav morgonen hos oss!<\/p>\n<p>Frukosten serveras<br \/>\nm\u00e5ndag till fredag kl 07.00-09.30<br \/>\nL\u00f6rdag till s\u00f6ndag samt helgdagar 07.00-10.00<br \/>\n(Under sommars\u00e4song alla dagar 07.00-10.00)<br \/>\nBor du inte p\u00e5 hotellet? V\u00e4lkommen att boka bord och ta del av en h\u00e4rlig start p\u00e5 dagen.<br \/>\nPris per person 165 kr.<br \/>\nBarn 4 \u2013 11 \u00e5r 90 kr.<br \/>\nKnapp till bordsbokaren f\u00f6r frukostbokning<\/p>\n","protected":false},"excerpt":{"rendered":"<p>Frukosten \u00e4r dagens f\u00f6rsta och kanske viktigaste stund \u2013 en chans att s\u00e4tta tonen f\u00f6r resten av dagen. Det \u00e4r h\u00e4r du samlar energi, njuter av en stund f\u00f6r dig sj\u00e4lv eller delar \u00f6gonblick med n\u00e4ra och k\u00e4ra. Vi p\u00e5 Sundsg\u00e5rden vill g\u00f6ra din morgon \u00e4nnu b\u00e4ttre genom att erbjuda en h\u00e4rlig och varierande frukostbuff\u00e9, [&hellip;]<\/p>\n","protected":false},"author":1,"featured_media":591,"parent":719,"menu_order":0,"comment_status":"closed","ping_status":"closed","template":"page-templates\/template-restaurant.php","meta":{"_acf_changed":false,"_eb_attr":"","_crdt_document":"","footnotes":""},"class_list":["post-862","page","type-page","status-publish","has-post-thumbnail","hentry"],"acf":[],"_links":{"self":[{"href":"https:\/\/sundsgardenkonferens.se\/sv\/wp-json\/wp\/v2\/pages\/862","targetHints":{"allow":["GET"]}}],"collection":[{"href":"https:\/\/sundsgardenkonferens.se\/sv\/wp-json\/wp\/v2\/pages"}],"about":[{"href":"https:\/\/sundsgardenkonferens.se\/sv\/wp-json\/wp\/v2\/types\/page"}],"author":[{"embeddable":true,"href":"https:\/\/sundsgardenkonferens.se\/sv\/wp-json\/wp\/v2\/users\/1"}],"replies":[{"embeddable":true,"href":"https:\/\/sundsgardenkonferens.se\/sv\/wp-json\/wp\/v2\/comments?post=862"}],"version-history":[{"count":11,"href":"https:\/\/sundsgardenkonferens.se\/sv\/wp-json\/wp\/v2\/pages\/862\/revisions"}],"predecessor-version":[{"id":2021,"href":"https:\/\/sundsgardenkonferens.se\/sv\/wp-json\/wp\/v2\/pages\/862\/revisions\/2021"}],"up":[{"embeddable":true,"href":"https:\/\/sundsgardenkonferens.se\/sv\/wp-json\/wp\/v2\/pages\/719"}],"wp:featuredmedia":[{"embeddable":true,"href":"https:\/\/sundsgardenkonferens.se\/sv\/wp-json\/wp\/v2\/media\/591"}],"wp:attachment":[{"href":"https:\/\/sundsgardenkonferens.se\/sv\/wp-json\/wp\/v2\/media?parent=862"}],"curies":[{"name":"wp","href":"https:\/\/api.w.org\/{rel}","templated":true}]}}